{"id":2951,"date":"2024-10-02T16:25:58","date_gmt":"2024-10-02T15:25:58","guid":{"rendered":"https:\/\/creativeplaceswci.ie\/scealai\/"},"modified":"2024-10-11T10:27:48","modified_gmt":"2024-10-11T09:27:48","slug":"scealai","status":"publish","type":"page","link":"https:\/\/creativeplaceswci.ie\/ga\/scealai\/","title":{"rendered":"Sc\u00e9ala\u00ed"},"content":{"rendered":"<p>[et_pb_section fb_built=&#8221;1&#8243; admin_label=&#8221;Header&#8221; _builder_version=&#8221;4.26.1&#8243; _module_preset=&#8221;c5aafb2d-5336-44ab-80bd-a8074787ec01&#8243; background_enable_color=&#8221;off&#8221; use_background_color_gradient=&#8221;off&#8221; background_image=&#8221;https:\/\/creativeplaceswci.ie\/wp-content\/uploads\/2024\/10\/this4-scaled.jpg&#8221; background_enable_image=&#8221;on&#8221; custom_margin=&#8221;||-1px||false|false&#8221; custom_padding=&#8221;||31px|||&#8221; locked=&#8221;off&#8221; collapsed=&#8221;off&#8221; global_colors_info=&#8221;{%22gcid-1f1bf5fb-a99d-4acc-8d9e-ddac074c158c%22:%91%22background_color_gradient_stops%22,%22background_color_gradient_stops%22%93,%22gcid-4c79ba3d-a281-4fb6-9b14-02f9a4c793f2%22:%91%22background_color_gradient_stops%22,%22background_color_gradient_stops%22%93,%22gcid-688c464a-d6f2-4296-b592-395352c71c79%22:%91%22background_color_gradient_stops%22,%22background_color_gradient_stops%22%93,%22gcid-d119accd-44d7-4f2f-b9d7-599c8463324b%22:%91%22background_color_gradient_stops%22,%22background_color_gradient_stops%22%93,%22gcid-2352d280-fe84-43b1-a71e-f400c35a526a%22:%91%22background_color%22%93}&#8221;][et_pb_row column_structure=&#8221;2_3,1_3&#8243; _builder_version=&#8221;4.26.1&#8243; _module_preset=&#8221;default&#8221; border_radii=&#8221;on|20px|20px|20px|20px&#8221; global_colors_info=&#8221;{}&#8221;][et_pb_column type=&#8221;2_3&#8243; _builder_version=&#8221;4.25.1&#8243; _module_preset=&#8221;default&#8221; global_colors_info=&#8221;{}&#8221;][et_pb_heading title=&#8221;Sc\u00e9ala\u00ed C\u00f3naithe&#8221; title_tablet=&#8221;Storyteller in Residence&#8221; title_phone=&#8221;Storyteller in Residence&#8221; title_last_edited=&#8221;on|phone&#8221; _builder_version=&#8221;4.26.1&#8243; _module_preset=&#8221;dcfff093-0cd5-4755-bb7d-6a5575167cca&#8221; title_font=&#8221;Urbanist|700|||||||&#8221; title_text_align=&#8221;left&#8221; title_text_color=&#8221;#000000&#8243; custom_margin=&#8221;||10px||false|false&#8221; custom_padding=&#8221;|||2px|false|false&#8221; title_font_size_phone=&#8221;30px&#8221; text_shadow_style=&#8221;preset3&#8243; text_shadow_color=&#8221;#FFFFFF&#8221; global_colors_info=&#8221;{}&#8221;][\/et_pb_heading][et_pb_text content_tablet=&#8221;<\/p>\n<h3>Scr\u00fad\u00fa a dh\u00e9anamh ar th\u00e9ama\u00ed agus ar rithim\u00ed tr\u00ed sc\u00e9ala\u00edocht agus tr\u00ed chumad\u00f3ireacht.<\/h3>\n<p>&#8221; content_phone=&#8221;<\/p>\n<h3>Scr\u00fad\u00fa a dh\u00e9anamh ar th\u00e9ama\u00ed agus ar rithim\u00ed tr\u00ed sc\u00e9ala\u00edocht agus tr\u00ed chumad\u00f3ireacht.<\/h3>\n<p>&#8221; content_last_edited=&#8221;on|phone&#8221; _builder_version=&#8221;4.26.1&#8243; _module_preset=&#8221;2d144837-bd4f-416c-8cd8-fec0129a953a&#8221; header_font=&#8221;Patron Medium||||||||&#8221; background_enable_color=&#8221;off&#8221; custom_margin=&#8221;||13px|||&#8221; custom_padding=&#8221;|||5px|false|false&#8221; header_font_size_tablet=&#8221;&#8221; header_font_size_phone=&#8221;&#8221; header_font_size_last_edited=&#8221;on|phone&#8221; text_text_shadow_style=&#8221;preset3&#8243; text_text_shadow_blur_strength=&#8221;0.91em&#8221; text_text_shadow_color=&#8221;#FFFFFF&#8221; border_color_all=&#8221;#FFFFFF&#8221; border_style_all=&#8221;dashed&#8221; global_colors_info=&#8221;{}&#8221; content__hover_enabled=&#8221;on|desktop&#8221; content__hover=&#8221;<\/p>\n<h3>Scr\u00fad\u00fa a dh\u00e9anamh ar th\u00e9ama\u00ed agus ar rithim\u00ed tr\u00ed sc\u00e9ala\u00edocht agus tr\u00ed chumad\u00f3ireacht.<\/h3>\n<p>&#8220;]<\/p>\n<h3>Scr\u00fad\u00fa a dh\u00e9anamh ar th\u00e9ama\u00ed agus ar rithim\u00ed tr\u00ed sc\u00e9ala\u00edocht agus tr\u00ed chumad\u00f3ireacht.<\/h3>\n<p>[\/et_pb_text][et_pb_text content_tablet=&#8221;<\/p>\n<h6><strong>D\u00e1ta\u00ed Aighneachta:<\/strong>07 Deireadh F\u00f3mhair &#8211; 8 Samhain <br \/><strong>D\u00e1ta\u00ed Tionscadail:<\/strong> Jan 2025 to October 2025<br \/><strong>Buis\u00e9ad<\/strong>: \u20ac16,000<\/h6>\n<p>&#8221; content_phone=&#8221;<\/p>\n<h6><strong>D\u00e1ta\u00ed Aighneachta:<\/strong>07 Deireadh F\u00f3mhair &#8211; 8 Samhain <br \/><strong>D\u00e1ta\u00ed Tionscadail:<\/strong> Jan 2025 to October 2025<br \/><strong>Buis\u00e9ad<\/strong>: \u20ac16,000<\/h6>\n<p>&#8221; content_last_edited=&#8221;on|phone&#8221; _builder_version=&#8221;4.26.1&#8243; _module_preset=&#8221;2d144837-bd4f-416c-8cd8-fec0129a953a&#8221; background_color=&#8221;rgba(255,255,255,0.47)&#8221; width=&#8221;100%&#8221; min_height=&#8221;82.2px&#8221; custom_margin=&#8221;-5px||-5px|0px|true|false&#8221; custom_padding=&#8221;5px||0px|10px|false|false&#8221; border_radii=&#8221;on|10px|10px|10px|10px&#8221; border_width_all=&#8221;2px&#8221; border_color_all=&#8221;#FFFFFF&#8221; border_style_all=&#8221;dashed&#8221; box_shadow_style=&#8221;preset1&#8243; global_colors_info=&#8221;{}&#8221;]<\/p>\n<h6><strong>D\u00e1ta\u00ed Aighneachta:<\/strong>07 Deireadh F\u00f3mhair &#8211; 8 Samhain <br \/><strong>D\u00e1ta\u00ed Tionscadail:<\/strong> Jan 2025 to October 2025<br \/><strong>Buis\u00e9ad<\/strong>: \u20ac16,000<\/h6>\n<p>[\/et_pb_text][et_pb_button button_url=&#8221;https:\/\/creativeplaceswci.ie\/wp-content\/uploads\/2024\/10\/Storyteller-in-Residence-brief-and-application-IRISH.docx&#8221; url_new_window=&#8221;on&#8221; button_text=&#8221;\u00cdosluchtaigh iarratas&#8221; button_alignment=&#8221;left&#8221; button_text_tablet=&#8221;\u00cdosluchtaigh iarratas&#8221; button_text_phone=&#8221;\u00cdosluchtaigh iarratas&#8221; button_text_last_edited=&#8221;on|phone&#8221; button_alignment_tablet=&#8221;left&#8221; button_alignment_phone=&#8221;left&#8221; button_alignment_last_edited=&#8221;on|phone&#8221; _builder_version=&#8221;4.27.2&#8243; _module_preset=&#8221;b71fa375-02e2-4a92-a6d0-4e7bbbc638bb&#8221; button_text_size=&#8221;13px&#8221; button_bg_color=&#8221;#0C71C3&#8243; button_border_width=&#8221;0px&#8221; button_border_radius=&#8221;37px&#8221; button_font=&#8221;Patron Medium|700||on|||||&#8221; custom_margin=&#8221;19px||||false|false&#8221; custom_padding=&#8221;12px|50px|12px|40px|true|false&#8221; button_text_size_tablet=&#8221;10px&#8221; button_text_size_phone=&#8221;10px&#8221; button_text_size_last_edited=&#8221;on|desktop&#8221; background_layout_tablet=&#8221;&#8221; background_layout_phone=&#8221;&#8221; background_layout_last_edited=&#8221;on|desktop&#8221; button_text_shadow_style=&#8221;preset3&#8243; button_text_shadow_horizontal_length=&#8221;-0.14em&#8221; button_text_shadow_vertical_length=&#8221;0.04em&#8221; button_text_shadow_blur_strength=&#8221;0.35em&#8221; button_text_shadow_color=&#8221;RGBA(255,255,255,0)&#8221; box_shadow_style=&#8221;preset1&#8243; locked=&#8221;off&#8221; global_colors_info=&#8221;{}&#8221; button_text_size__hover_enabled=&#8221;on|hover&#8221; button_text_size__hover=&#8221;13px&#8221;][\/et_pb_button][\/et_pb_column][et_pb_column type=&#8221;1_3&#8243; _builder_version=&#8221;4.26.1&#8243; _module_preset=&#8221;default&#8221; custom_padding=&#8221;|10px|0px|0px|false|false&#8221; global_colors_info=&#8221;{}&#8221;][et_pb_image src=&#8221;https:\/\/creativeplaceswci.ie\/wp-content\/uploads\/2024\/10\/Storyteller-in-Residence.jpeg&#8221; alt=&#8221;Cumas Ceantar Oile\u00e1in Iarthar Chorca\u00ed &#8211; Sc\u00e9ala\u00ed C\u00f3naithe&#8221; title_text=&#8221;Sc\u00e9ala\u00ed C\u00f3naithe&#8221; _builder_version=&#8221;4.27.2&#8243; _module_preset=&#8221;73d9b727-37c4-4071-97d4-67fa3c77717a&#8221; locked=&#8221;off&#8221; global_colors_info=&#8221;{}&#8221;][\/et_pb_image][\/et_pb_column][\/et_pb_row][et_pb_row custom_padding_last_edited=&#8221;on|desktop&#8221; _builder_version=&#8221;4.25.2&#8243; _module_preset=&#8221;default&#8221; background_color=&#8221;#FFFFFF&#8221; custom_margin=&#8221;30px||||false|false&#8221; custom_padding=&#8221;40px|40px|40px|40px|true|true&#8221; custom_padding_tablet=&#8221;30px|30px|30px|30px|true|true&#8221; custom_padding_phone=&#8221;20px|20px|20px|20px|true|true&#8221; border_radii=&#8221;on|30px|30px|30px|30px&#8221; global_colors_info=&#8221;{%22gcid-4c79ba3d-a281-4fb6-9b14-02f9a4c793f2%22:%91%22background_color%22%93}&#8221;][et_pb_column type=&#8221;4_4&#8243; _builder_version=&#8221;4.25.2&#8243; _module_preset=&#8221;default&#8221; background_enable_color=&#8221;off&#8221; global_colors_info=&#8221;{%22gcid-4c79ba3d-a281-4fb6-9b14-02f9a4c793f2%22:%91%22background_color%22%93}&#8221;][et_pb_heading title=&#8221;Cumas Ceantar Oile\u00e1in Iarthar Chorca\u00ed &#8211; Sc\u00e9ala\u00ed C\u00f3naithe&#8221; title_tablet=&#8221;Public Open Call \u2013 Storyteller in Residence, West Cork Islands&#8221; title_phone=&#8221;Public Open Call \u2013 Storyteller in Residence, West Cork Islands&#8221; title_last_edited=&#8221;on|phone&#8221; _builder_version=&#8221;4.26.1&#8243; _module_preset=&#8221;19106369-0157-463d-9580-5fc2db7edaa5&#8243; title_text_color=&#8221;gcid-1f1b4e15-7cc6-4e13-8154-74d77a956460&#8243; custom_margin=&#8221;||0px||false|false&#8221; global_colors_info=&#8221;{%22gcid-1f1b4e15-7cc6-4e13-8154-74d77a956460%22:%91%22title_text_color%22%93}&#8221;][\/et_pb_heading][et_pb_text content_tablet=&#8221;<\/p>\n<p>Creative Places West Cork Islands and Cork County Council seek to award a contract for services for a Storyteller in Residence who is engaged in the professional practice of oral storytelling. The residency runs from January to October 2025, and will be managed by Creative Places West Cork Islands. Collaborative group applications consisting of 2 people or more are welcome.<\/p>\n<p>The Storyteller in Residence is in association with Storytellers of Ireland and the Cape Clear International Storytelling Festival.<\/p>\n<p><a href=%22https:\/\/capeclearstorytelling.com\/%22 data-et-target-link=%22_blank%22 rel=%22noopener%22><img src=%22https:\/\/creativeplaceswci.ie\/wp-content\/uploads\/2024\/10\/C321-CCSTF-LOGO-no-date-300x190.png%22 width=%22136%22 height=%2286%22 alt=%22Cape Clear International Storytelling Festival.%22 class=%22wp-image-2895 alignleft size-medium%22 \/><\/a><a href=%22https:\/\/www.storytellersofireland.org\/%22 data-et-target-link=%22_blank%22 rel=%22noopener%22><img src=%22https:\/\/creativeplaceswci.ie\/wp-content\/uploads\/2024\/10\/Storytellers-of-Ireland-300x144.png%22 width=%22175%22 height=%2284%22 alt=%22%22 class=%22wp-image-2900 alignleft size-medium%22 \/><\/a><\/p>\n<p>&#8221; content_phone=&#8221;<\/p>\n<p>Creative Places West Cork Islands and Cork County Council seek to award a contract for services for a Storyteller in Residence who is engaged in the professional practice of oral storytelling. The residency runs from January to October 2025, and will be managed by Creative Places West Cork Islands. Collaborative group applications consisting of 2 people or more are welcome.<\/p>\n<p>The Storyteller in Residence is in association with Storytellers of Ireland and the Cape Clear International Storytelling Festival.<\/p>\n<p><a href=%22https:\/\/capeclearstorytelling.com\/%22 data-et-target-link=%22_blank%22 rel=%22noopener%22><img src=%22https:\/\/creativeplaceswci.ie\/wp-content\/uploads\/2024\/10\/C321-CCSTF-LOGO-no-date-300x190.png%22 width=%22136%22 height=%2286%22 alt=%22Cape Clear International Storytelling Festival.%22 class=%22wp-image-2895 alignleft size-medium%22 \/><\/a><a href=%22https:\/\/www.storytellersofireland.org\/%22 data-et-target-link=%22_blank%22 rel=%22noopener%22><img src=%22https:\/\/creativeplaceswci.ie\/wp-content\/uploads\/2024\/10\/Storytellers-of-Ireland-300x144.png%22 width=%22175%22 height=%2284%22 alt=%22%22 class=%22wp-image-2900 alignleft size-medium%22 \/><\/a><\/p>\n<p>&#8221; content_last_edited=&#8221;on|phone&#8221; _builder_version=&#8221;4.26.1&#8243; _module_preset=&#8221;2d144837-bd4f-416c-8cd8-fec0129a953a&#8221; global_colors_info=&#8221;{}&#8221;]<\/p>\n<p>Is mian le Cumas Ceantar Oile\u00e1in Iarthar Chorca\u00ed agus le Comhairle Contae Chorca\u00ed conradh le haghaidh seirbh\u00eds\u00ed Sc\u00e9ala\u00ed C\u00f3naithe a bhronnadh do Sc\u00e9ala\u00ed C\u00f3naithe at\u00e1 ag gabh\u00e1il do chleachtadh gairmi\u00fail na sc\u00e9ala\u00edochta b\u00e9il.<\/p>\n<p><em>Sc\u00e9ala\u00ed C\u00f3naitheach i gcomhar le <span data-olk-copy-source=\"MessageBody\">Aos Sc\u00e9al \u00c9ireann<\/span> agus F\u00e9ile Sc\u00e9ala\u00edochta Idirn\u00e1isi\u00fanta Chl\u00e9ire.<\/em><\/p>\n<p><a href=\"https:\/\/capeclearstorytelling.com\/\" target=\"_blank\" rel=\"noopener\"><img loading=\"lazy\" decoding=\"async\" class=\"wp-image-2895 alignleft size-medium\" src=\"https:\/\/creativeplaceswci.ie\/wp-content\/uploads\/2024\/10\/C321-CCSTF-LOGO-no-date-300x190.png\" alt=\"Cape Clear International Storytelling Festival.\" width=\"136\" height=\"86\" \/><\/a><a href=\"https:\/\/www.storytellersofireland.org\/\" target=\"_blank\" rel=\"noopener\"><img loading=\"lazy\" decoding=\"async\" class=\"wp-image-2900 alignleft size-medium\" src=\"https:\/\/creativeplaceswci.ie\/wp-content\/uploads\/2024\/10\/Storytellers-of-Ireland-300x144.png\" alt=\"\" width=\"175\" height=\"84\" \/><\/a><\/p>\n<p>[\/et_pb_text][\/et_pb_column][\/et_pb_row][\/et_pb_section][et_pb_section fb_built=&#8221;1&#8243; admin_label=&#8221;About&#8221; _builder_version=&#8221;4.26.1&#8243; _module_preset=&#8221;3f14f77c-7ae7-4b46-86a6-1218823cbdaa&#8221; min_height=&#8221;121.2px&#8221; custom_margin=&#8221;||||false&#8221; custom_padding=&#8221;2px||2px||true|false&#8221; locked=&#8221;off&#8221; collapsed=&#8221;on&#8221; global_colors_info=&#8221;{%22gcid-2352d280-fe84-43b1-a71e-f400c35a526a%22:%91%22background_color%22%93}&#8221;][et_pb_row _builder_version=&#8221;4.25.2&#8243; _module_preset=&#8221;default&#8221; max_width=&#8221;900px&#8221; min_height=&#8221;58.2px&#8221; global_colors_info=&#8221;{}&#8221;][et_pb_column type=&#8221;4_4&#8243; _builder_version=&#8221;4.25.1&#8243; _module_preset=&#8221;default&#8221; global_colors_info=&#8221;{}&#8221;][et_pb_heading title=&#8221;The Storyteller in Residence will deliver a programme of activities designed to:&#8221; _builder_version=&#8221;4.27.2&#8243; _module_preset=&#8221;b4977c73-4379-4129-94da-9f6e2f68098a&#8221; title_text_align=&#8221;center&#8221; title_text_color=&#8221;#30309e&#8221; min_height=&#8221;77.2px&#8221; custom_padding=&#8221;||3px|||&#8221; hover_enabled=&#8221;0&#8243; text_shadow_style=&#8221;preset3&#8243; text_shadow_color=&#8221;#FFFFFF&#8221; global_colors_info=&#8221;{}&#8221; title_font_size_last_edited=&#8221;on|phone&#8221; sticky_enabled=&#8221;0&#8243; title_font_size_phone=&#8221;27px&#8221;][\/et_pb_heading][et_pb_text _builder_version=&#8221;4.27.2&#8243; _module_preset=&#8221;7c03cada-13f9-40a0-b1ac-d619e0a22821&#8243; text_line_height=&#8221;1.9em&#8221; text_orientation=&#8221;center&#8221; custom_margin=&#8221;||0px||false|false&#8221; global_colors_info=&#8221;{}&#8221;]<\/p>\n<h3 style=\"text-align: center;\"><strong>Research potential engagements and opportunities across the seven islands.<\/strong><\/h3>\n<h3 style=\"text-align: center;\"><strong>Engage islanders with stories connected to place and culture on the West Cork Islands.<\/strong><\/h3>\n<h3 style=\"text-align: center;\"><strong>Explore themes and rhythms through oral storytelling and composition.<\/strong><\/h3>\n<h3 style=\"text-align: center;\"><strong>Develop their own practice through the creation of new work.<\/strong><\/h3>\n<h3 style=\"text-align: center;\"><strong>Create events, activities and instances that are informed by islander life and experience.<\/strong><\/h3>\n<h3 style=\"text-align: center;\"><strong>Connect with the Gaeltacht culture and language of Oile\u00e1n Chl\u00e9ire through story.<\/strong><\/h3>\n<h3 style=\"text-align: center;\"><strong>Knowledge of Irish is desirable for this residency.<\/strong><\/h3>\n<p>[\/et_pb_text][\/et_pb_column][\/et_pb_row][\/et_pb_section][et_pb_section fb_built=&#8221;1&#8243; _builder_version=&#8221;4.26.1&#8243; _module_preset=&#8221;default&#8221; background_color=&#8221;#FFFFFF&#8221; background_enable_image=&#8221;off&#8221; background_video_mp4=&#8221;https:\/\/creativeplaceswci.ie\/wp-content\/uploads\/2024\/05\/25-sec-CPWCI-for-website.mp4&#8243; background_video_width=&#8221;1280&#8243; background_video_height=&#8221;720&#8243; min_height_tablet=&#8221;&#8221; min_height_phone=&#8221;&#8221; min_height_last_edited=&#8221;on|tablet&#8221; height=&#8221;95vh&#8221; height_tablet=&#8221;95vh&#8221; height_phone=&#8221;95vh&#8221; height_last_edited=&#8221;on|phone&#8221; custom_padding=&#8221;||||false|false&#8221; background_last_edited=&#8221;on|phone&#8221; locked=&#8221;off&#8221; global_colors_info=&#8221;{}&#8221;][\/et_pb_section]<\/p>\n","protected":false},"excerpt":{"rendered":"<p>Scr\u00fad\u00fa a dh\u00e9anamh ar th\u00e9ama\u00ed agus ar rithim\u00ed tr\u00ed sc\u00e9ala\u00edocht agus tr\u00ed chumad\u00f3ireacht.D\u00e1ta\u00ed Aighneachta:07 Deireadh F\u00f3mhair &#8211; 8 Samhain D\u00e1ta\u00ed Tionscadail: Jan 2025 to October 2025Buis\u00e9ad: \u20ac16,000Is mian le Cumas Ceantar Oile\u00e1in Iarthar Chorca\u00ed agus le Comhairle Contae Chorca\u00ed conradh le haghaidh seirbh\u00eds\u00ed Sc\u00e9ala\u00ed C\u00f3naithe a bhronnadh do Sc\u00e9ala\u00ed C\u00f3naithe at\u00e1 ag gabh\u00e1il do chleachtadh [&hellip;]<\/p>\n","protected":false},"author":2,"featured_media":0,"parent":0,"menu_order":0,"comment_status":"closed","ping_status":"closed","template":"","meta":{"_acf_changed":false,"_et_pb_use_builder":"on","_et_pb_old_content":"","_et_gb_content_width":"","ngg_post_thumbnail":0,"footnotes":""},"class_list":["post-2951","page","type-page","status-publish","hentry"],"acf":[],"_links":{"self":[{"href":"https:\/\/creativeplaceswci.ie\/ga\/wp-json\/wp\/v2\/pages\/2951","targetHints":{"allow":["GET"]}}],"collection":[{"href":"https:\/\/creativeplaceswci.ie\/ga\/wp-json\/wp\/v2\/pages"}],"about":[{"href":"https:\/\/creativeplaceswci.ie\/ga\/wp-json\/wp\/v2\/types\/page"}],"author":[{"embeddable":true,"href":"https:\/\/creativeplaceswci.ie\/ga\/wp-json\/wp\/v2\/users\/2"}],"replies":[{"embeddable":true,"href":"https:\/\/creativeplaceswci.ie\/ga\/wp-json\/wp\/v2\/comments?post=2951"}],"version-history":[{"count":29,"href":"https:\/\/creativeplaceswci.ie\/ga\/wp-json\/wp\/v2\/pages\/2951\/revisions"}],"predecessor-version":[{"id":3012,"href":"https:\/\/creativeplaceswci.ie\/ga\/wp-json\/wp\/v2\/pages\/2951\/revisions\/3012"}],"wp:attachment":[{"href":"https:\/\/creativeplaceswci.ie\/ga\/wp-json\/wp\/v2\/media?parent=2951"}],"curies":[{"name":"wp","href":"https:\/\/api.w.org\/{rel}","templated":true}]}}