{"id":649,"date":"2023-04-11T23:12:51","date_gmt":"2023-04-11T22:12:51","guid":{"rendered":"https:\/\/creativeplaceswci.ie\/eolas\/"},"modified":"2025-05-13T12:50:37","modified_gmt":"2025-05-13T11:50:37","slug":"eolas","status":"publish","type":"page","link":"https:\/\/creativeplaceswci.ie\/ga\/eolas\/","title":{"rendered":"Eolas"},"content":{"rendered":"<p>[et_pb_section fb_built=&#8221;1&#8243; admin_label=&#8221;Header&#8221; _builder_version=&#8221;4.20.4&#8243; background_color=&#8221;#f0ebe0&#8243; parallax=&#8221;on&#8221; collapsed=&#8221;off&#8221; global_colors_info=&#8221;{}&#8221;][et_pb_row column_structure=&#8221;1_2,1_2&#8243; _builder_version=&#8221;4.20.4&#8243; custom_margin=&#8221;||-40px||false|false&#8221; global_colors_info=&#8221;{}&#8221;][et_pb_column type=&#8221;1_2&#8243; _builder_version=&#8221;4.16&#8243; custom_padding=&#8221;80px||40px|&#8221; custom_padding_tablet=&#8221;0px||&#8221; custom_padding_phone=&#8221;0px||&#8221; custom_padding_last_edited=&#8221;on|tablet&#8221; global_colors_info=&#8221;{}&#8221; padding_tablet=&#8221;0px||&#8221; padding_last_edited=&#8221;on|tablet&#8221; custom_padding__hover=&#8221;|||&#8221; padding_phone=&#8221;0px||&#8221;][et_pb_text _builder_version=&#8221;4.20.4&#8243; text_font=&#8221;||||||||&#8221; text_line_height=&#8221;2em&#8221; header_font=&#8221;Faustina|600|||||||&#8221; header_text_color=&#8221;#0e7162&#8243; header_font_size=&#8221;60px&#8221; header_line_height=&#8221;1.3em&#8221; header_font_size_tablet=&#8221;50px&#8221; header_font_size_phone=&#8221;40px&#8221; header_font_size_last_edited=&#8221;on|phone&#8221; global_colors_info=&#8221;{}&#8221;]<\/p>\n<h1>Maidir leis an tionscadal<\/h1>\n<p>[\/et_pb_text][et_pb_text _builder_version=&#8221;4.20.4&#8243; text_font=&#8221;||||||||&#8221; text_line_height=&#8221;2em&#8221; header_font=&#8221;Faustina||||||||&#8221; header_text_color=&#8221;#0e7162&#8243; header_font_size=&#8221;60px&#8221; header_line_height=&#8221;1.3em&#8221; global_colors_info=&#8221;{}&#8221;]<\/p>\n<p>Is tionscnamh oile\u00e1n \u00e9 \u00c1iteanna Cruthaitheacha Oile\u00e1in Iarthar Chorca\u00ed at\u00e1 maoinithe ag an gComhairle Eala\u00edon agus ag Comhairle Contae Chorca\u00ed. T\u00e1 s\u00e9 mar aidhm ag an tionscadal infheist\u00edocht lean\u00fanach sna heala\u00edona a th\u00f3g\u00e1il agus deiseanna a chruth\u00fa do chl\u00e1ir \u00e1iti\u00fala eala\u00edon ar na 7 n-oile\u00e1n:\u00a0<strong>Oile\u00e1n Chl\u00e9ire, Inis Arc\u00e1in, Inis U\u00ed Drisceoil, An tOile\u00e1n Fada, Faoide, An tOile\u00e1n M\u00f3r agus Oile\u00e1n Baoi Mairfidh<\/strong>\u00a0an tionscadal 3 bliana, le tr\u00e9imhse feidhmithe \u00f3 2023 go 2025 agus is deis spreag\u00fail \u00e9 smaoineamh go fadt\u00e9armach agus t\u00f3g\u00e1il go mall.<\/p>\n<p><strong>F\u00eds:<\/strong>\u00a0Rannph\u00e1irt\u00edocht fhadt\u00e9armach sna heala\u00edona in Oile\u00e1in Iarthar Chorca\u00ed, \u00e1it a nd\u00e9antar sl\u00e1ine pobail agus \u00e1ite a fhorbairt agus a choth\u00fa ag \u00e1itritheoir, le h\u00e1itritheoir\u00ed agus ar a son.<\/p>\n<p><strong>Misean:<\/strong>\u00a0teacht aniar cult\u00fartha faoi sti\u00fair an phobail a fhorbairt agus a choth\u00fa ar fud na seacht nOile\u00e1n in Iarthar Chorca\u00ed a bhfuil c\u00f3na\u00ed orthu, agus \u00e9 seo a dh\u00e9anamh ar bhealach fadt\u00e9armach, fi\u00fantach a thaca\u00edonn le leas comhshaoil, s\u00f3isialta agus eacnama\u00edoch na h\u00e1ite.<\/p>\n<p><strong>Aidhmeanna:<\/strong>\u00a0F\u00e9achfaidh \u00c1iteanna Cruthaitheacha Oile\u00e1in Iarthar Chorca\u00ed le rochtain ar rannph\u00e1irt\u00edocht sna heala\u00edona a fheabhs\u00fa ach s\u00f3cmhainn\u00ed cult\u00fartha agus fisici\u00fala \u00e1ite a nascadh agus a chur chun cinn, scr\u00fad\u00fa critici\u00fail a dh\u00e9anamh ar shamhlacha cult\u00fartha nua, samhlacha reatha chomh maith le cinn dh\u00fachasacha, samhlacha a imr\u00edonn tionchar ar shaol na n-oile\u00e1n agus a thugann \u00e9ifeacht don saol c\u00e9anna. D\u00e9anfar \u00e9 seo tr\u00ed chleachtas eala\u00edon at\u00e1 faoi sti\u00fair an phobail agus at\u00e1 d\u00edrithe go s\u00f3isialta, ag cruth\u00fa cl\u00e1ir fhadt\u00e9armacha inbhuanaithe agus a mbeidh tionchar acu; tr\u00ed naisc idir-oile\u00e1in a fhorbairt tr\u00ed bhonneagar cult\u00fartha comhroinnte a bhaineann le heala\u00edont\u00f3ir\u00ed \u00e1iti\u00fala agus idirn\u00e1isi\u00fanta. \u00das\u00e1id na Gaeilge a chur chun cinn in \u00e9ineacht leis an speictream teangacha eile a \u00fas\u00e1idtear ar fud Oile\u00e1in Iarthar Chorca\u00ed.<\/p>\n<p><strong>LUACHANNA:<\/strong>\u00a0\u2192 Ionchuimsitheacht \u2192 \u00c9ags\u00falacht \u2192 Ceili\u00faradh<\/p>\n<p>[\/et_pb_text][\/et_pb_column][et_pb_column type=&#8221;1_2&#8243; _builder_version=&#8221;4.16&#8243; custom_padding=&#8221;|||&#8221; global_colors_info=&#8221;{}&#8221; custom_padding__hover=&#8221;|||&#8221;][et_pb_image src=&#8221;https:\/\/creativeplaceswci.ie\/wp-content\/uploads\/2024\/01\/tea.png&#8221; title_text=&#8221;tea&#8221; show_bottom_space=&#8221;off&#8221; align_tablet=&#8221;center&#8221; align_phone=&#8221;center&#8221; align_last_edited=&#8221;on|desktop&#8221; _builder_version=&#8221;4.21.0&#8243; custom_margin=&#8221;45px|-40px||-40px|false|false&#8221; custom_padding=&#8221;|0px||0px|false|false&#8221; animation_style=&#8221;slide&#8221; animation_direction=&#8221;right&#8221; animation_intensity_slide=&#8221;2%&#8221; global_colors_info=&#8221;{}&#8221;][\/et_pb_image][\/et_pb_column][\/et_pb_row][et_pb_row _builder_version=&#8221;4.20.4&#8243; _module_preset=&#8221;default&#8221; global_colors_info=&#8221;{}&#8221;][et_pb_column type=&#8221;4_4&#8243; _builder_version=&#8221;4.20.4&#8243; _module_preset=&#8221;default&#8221; global_colors_info=&#8221;{}&#8221;][et_pb_text _builder_version=&#8221;4.20.4&#8243; _module_preset=&#8221;default&#8221; global_colors_info=&#8221;{}&#8221;]<\/p>\n<h2 class=\"p1\">Rialachas<\/h2>\n<p>T\u00e1 \u00c1iteanna Cruthaitheacha Oile\u00e1in Iarthar Chorca\u00ed faoi sti\u00fair Chomhairle Contae Chorca\u00ed agus \u00e1ir\u00edtear leis cuibhreannas de ghn\u00edomhaireachta\u00ed eala\u00edon agus forbartha \u00e1iti\u00fala amhail Gr\u00fapa Thionscadail an Oile\u00e1in Mh\u00f3ir, Cumann Forbartha Inis Arc\u00e1in, Comharchumann Chl\u00e9ire agus Uillinn: Ionad Eala\u00edon Iarthar Chorca\u00ed.\u00a0\u00a0<\/p>\n<p>[\/et_pb_text][\/et_pb_column][\/et_pb_row][et_pb_row column_structure=&#8221;1_2,1_2&#8243; _builder_version=&#8221;4.20.2&#8243; _module_preset=&#8221;default&#8221; global_colors_info=&#8221;{}&#8221;][et_pb_column type=&#8221;1_2&#8243; _builder_version=&#8221;4.20.2&#8243; _module_preset=&#8221;default&#8221; global_colors_info=&#8221;{}&#8221;][et_pb_text _builder_version=&#8221;4.20.4&#8243; _module_preset=&#8221;default&#8221; global_colors_info=&#8221;{}&#8221;]<\/p>\n<h2>Comhph\u00e1irt\u00edocht<\/h2>\n<p>T\u00e1 an Gr\u00fapa Comhph\u00e1irt\u00edochta comhdh\u00e9anta d\u2019ionadaithe \u00f3 ghn\u00edomhaireachta\u00ed eala\u00edon agus forbartha \u00e1iti\u00fala\u00a0\u00a0<\/p>\n<ul>\n<li><em>Comharchumann Chl\u00e9ire<\/em><\/li>\n<li><em>Cumann Forbartha Inis Arc\u00e1in (Inis Arc\u00e1in, An tOile\u00e1n Fada agus Inis U\u00ed Drisceoil)<\/em><\/li>\n<li><em>Gr\u00fapa Thionscadail an Oile\u00e1in Mh\u00f3ir (Oile\u00e1n Baoi, Faoide agus An tOile\u00e1n M\u00f3r),\u00a0<\/em><\/li>\n<li><em>Uillinn \u2013 Ionad Eala\u00edon Iarthar Chorca\u00ed<\/em><\/li>\n<li><em>Oifig Eala\u00edon Chomhairle Contae Chorca\u00ed\u00a0\u00a0\u00a0\u00a0<\/em><\/li>\n<\/ul>\n<p>[\/et_pb_text][\/et_pb_column][et_pb_column type=&#8221;1_2&#8243; _builder_version=&#8221;4.20.2&#8243; _module_preset=&#8221;default&#8221; global_colors_info=&#8221;{}&#8221;][et_pb_text _builder_version=&#8221;4.20.4&#8243; _module_preset=&#8221;default&#8221; global_colors_info=&#8221;{}&#8221;]<\/p>\n<p><img loading=\"lazy\" decoding=\"async\" class=\"wp-image-245 alignnone size-medium\" src=\"https:\/\/creativeplaceswci.ie\/wp-content\/uploads\/2023\/04\/Screenshot-2023-04-11-at-22.32.09-1-300x300.png\" alt=\"\" width=\"127\" height=\"127\" \/><\/p>\n<h2>Taighde &amp; Comhord\u00fa Tionscadail\u00a0\u00a0\u00a0\u00a0\u00a0<\/h2>\n<p>T\u00e1 Comhordaitheoir an Tionscadail (Peter Prendergast) freagrach as an tionscadal a bhainisti\u00fa \u00f3 l\u00e1 go l\u00e1, oibr\u00edonn s\u00e9 go dl\u00fath leis an gComhph\u00e1irt\u00edocht ag forbairt glaonna amach, ag bainisti\u00fa p\u00e1irtithe leasmhara, agus ag \u00e9asc\u00fa rannph\u00e1irt\u00edocht an phobail. T\u00e1 s\u00e9 i gceannas ar fh\u00eds fhadt\u00e9armach an tionscadail chomh maith agus oibreoidh s\u00e9 ar fud na 7 n-oile\u00e1n chun cabhr\u00fa le tionscadail a fhorbairt i gcomhar le pobail na n-oile\u00e1n agus leis an nGr\u00fapa Comhph\u00e1irt\u00edochta.<\/p>\n<p>[\/et_pb_text][\/et_pb_column][\/et_pb_row][\/et_pb_section][et_pb_section fb_built=&#8221;1&#8243; admin_label=&#8221;Shop&#8221; _builder_version=&#8221;4.25.1&#8243; _module_preset=&#8221;default&#8221; background_color=&#8221;gcid-545c17f1-4e53-478d-9e2b-03daafc524a2&#8243; custom_margin=&#8221;||-23px|||&#8221; locked=&#8221;off&#8221; collapsed=&#8221;on&#8221; global_colors_info=&#8221;{%22gcid-545c17f1-4e53-478d-9e2b-03daafc524a2%22:%91%22background_color%22%93}&#8221;][et_pb_row _builder_version=&#8221;4.25.1&#8243; _module_preset=&#8221;default&#8221; global_colors_info=&#8221;{}&#8221;][et_pb_column type=&#8221;4_4&#8243; _builder_version=&#8221;4.25.1&#8243; _module_preset=&#8221;default&#8221; global_colors_info=&#8221;{}&#8221;][et_pb_heading title=&#8221;Farraige &#038; Cloch&#8221; _builder_version=&#8221;4.27.2&#8243; _module_preset=&#8221;af80a617-ac3b-4073-b509-38c66e8b0e0f&#8221; title_font=&#8221;Patron Medium||||||||&#8221; title_text_align=&#8221;center&#8221; custom_margin=&#8221;||10px||false|false&#8221; locked=&#8221;off&#8221; global_colors_info=&#8221;{}&#8221;][\/et_pb_heading][\/et_pb_column][\/et_pb_row][et_pb_row column_structure=&#8221;1_2,1_2&#8243; custom_padding_last_edited=&#8221;on|tablet&#8221; _builder_version=&#8221;4.25.1&#8243; _module_preset=&#8221;default&#8221; custom_padding_tablet=&#8221;||0px||false|false&#8221; custom_padding_phone=&#8221;||0px||false|false&#8221; global_colors_info=&#8221;{}&#8221;][et_pb_column type=&#8221;1_2&#8243; _builder_version=&#8221;4.25.1&#8243; _module_preset=&#8221;default&#8221; global_colors_info=&#8221;{}&#8221;][et_pb_image src=&#8221;https:\/\/creativeplaceswci.ie\/wp-content\/uploads\/2025\/05\/West-Cork-Islands_Traditional-Tabloid_289x380_12-Pages_Irish_Translation-COVER_Page_01-scaled.jpg&#8221; alt=&#8221;West Cork Islands_Traditional Tabloid_289x380_12 Pages_Irish_Translation COVER_Page_01&#8243; title_text=&#8221;West Cork Islands_Traditional Tabloid_289x380_12 Pages_Irish_Translation COVER_Page_01&#8243; url_new_window=&#8221;on&#8221; _builder_version=&#8221;4.27.2&#8243; _module_preset=&#8221;default&#8221; custom_margin=&#8221;||0px||false|false&#8221; custom_padding=&#8221;10%|10%|10%|10%|true|true&#8221; box_shadow_style=&#8221;preset3&#8243; box_shadow_horizontal=&#8221;10px&#8221; box_shadow_vertical=&#8221;40px&#8221; box_shadow_blur=&#8221;40px&#8221; box_shadow_spread=&#8221;10px&#8221; box_shadow_color=&#8221;rgba(0,0,0,0.11)&#8221; locked=&#8221;off&#8221; global_colors_info=&#8221;{}&#8221; box_shadow_color__hover_enabled=&#8221;on|hover&#8221; box_shadow_color__hover=&#8221;RGBA(255,255,255,0)&#8221; transform_styles__hover_enabled=&#8221;on|hover&#8221; transform_scale__hover=&#8221;99%|99%&#8221; transform_scale__hover_enabled=&#8221;on|hover&#8221; transform_translate__hover_enabled=&#8221;on|hover&#8221; transform_rotate__hover_enabled=&#8221;on|hover&#8221; transform_skew__hover_enabled=&#8221;on|hover&#8221; transform_origin__hover_enabled=&#8221;on|hover&#8221;][\/et_pb_image][et_pb_heading title=&#8221;Sea &#038; Stone 2023&#8243; _builder_version=&#8221;4.27.2&#8243; _module_preset=&#8221;6a1bed0d-1ad8-4538-affb-7d25e7bb2206&#8243; title_text_align=&#8221;center&#8221; custom_margin=&#8221;||0px||false|false&#8221; locked=&#8221;off&#8221; global_colors_info=&#8221;{}&#8221;][\/et_pb_heading][et_pb_text _builder_version=&#8221;4.27.2&#8243; _module_preset=&#8221;4aa1adfe-cc0b-4523-92aa-681a44b02359&#8243; text_orientation=&#8221;center&#8221; locked=&#8221;off&#8221; global_colors_info=&#8221;{}&#8221;]<\/p>\n<p style=\"text-align: center;\">Oile\u00e1in Iarthar Chorca\u00ed Athbhreithni\u00fa ar an mBliain 2023<\/p>\n<p>[\/et_pb_text][et_pb_button url_new_window=&#8221;on&#8221; button_text=&#8221;Download&#8221; button_alignment=&#8221;center&#8221; _builder_version=&#8221;4.27.2&#8243; _module_preset=&#8221;ffe6460a-8762-4588-85d0-46d0ff37494a&#8221; hover_enabled=&#8221;0&#8243; global_colors_info=&#8221;{}&#8221; sticky_enabled=&#8221;0&#8243;][\/et_pb_button][\/et_pb_column][et_pb_column type=&#8221;1_2&#8243; _builder_version=&#8221;4.25.1&#8243; _module_preset=&#8221;default&#8221; global_colors_info=&#8221;{}&#8221;][et_pb_image src=&#8221;https:\/\/creativeplaceswci.ie\/wp-content\/uploads\/2025\/05\/Sea-and-Stone-2025_Traditional-Tabloid_289x380_IRE_V1_Pages_Page_01.jpg&#8221; alt=&#8221;Sea and Stone 2025_Traditional Tabloid_289x380_IRE_V1_Pages_Page_01&#8243; title_text=&#8221;Sea and Stone 2025_Traditional Tabloid_289x380_IRE_V1_Pages_Page_01&#8243; _builder_version=&#8221;4.27.2&#8243; _module_preset=&#8221;default&#8221; custom_margin=&#8221;||0px||false|false&#8221; custom_padding=&#8221;10%|10%|10%|10%|true|true&#8221; box_shadow_style=&#8221;preset3&#8243; box_shadow_horizontal=&#8221;10px&#8221; box_shadow_vertical=&#8221;40px&#8221; box_shadow_blur=&#8221;40px&#8221; box_shadow_spread=&#8221;10px&#8221; box_shadow_color=&#8221;rgba(0,0,0,0.11)&#8221; locked=&#8221;off&#8221; global_colors_info=&#8221;{}&#8221; box_shadow_color__hover_enabled=&#8221;on|hover&#8221; box_shadow_color__hover=&#8221;RGBA(255,255,255,0)&#8221; transform_styles__hover_enabled=&#8221;on|hover&#8221; transform_scale__hover_enabled=&#8221;on|hover&#8221; transform_translate__hover_enabled=&#8221;on|hover&#8221; transform_rotate__hover_enabled=&#8221;on|hover&#8221; transform_skew__hover_enabled=&#8221;on|hover&#8221; transform_origin__hover_enabled=&#8221;on|hover&#8221; transform_scale__hover=&#8221;99%|99%&#8221;][\/et_pb_image][et_pb_heading title=&#8221;Sea &#038; Stone 2024&#8243; _builder_version=&#8221;4.27.2&#8243; _module_preset=&#8221;6a1bed0d-1ad8-4538-affb-7d25e7bb2206&#8243; title_text_align=&#8221;center&#8221; custom_margin=&#8221;||0px||false|false&#8221; locked=&#8221;off&#8221; global_colors_info=&#8221;{}&#8221;][\/et_pb_heading][et_pb_text _builder_version=&#8221;4.27.2&#8243; _module_preset=&#8221;4aa1adfe-cc0b-4523-92aa-681a44b02359&#8243; text_orientation=&#8221;center&#8221; locked=&#8221;off&#8221; global_colors_info=&#8221;{}&#8221;]<\/p>\n<p style=\"text-align: center;\">Oile\u00e1in Iarthar Chorca\u00ed Athbhreithni\u00fa ar an mBliain 2024<\/p>\n<p>[\/et_pb_text][et_pb_button url_new_window=&#8221;on&#8221; button_text=&#8221;Download&#8221; button_alignment=&#8221;center&#8221; _builder_version=&#8221;4.27.2&#8243; _module_preset=&#8221;ffe6460a-8762-4588-85d0-46d0ff37494a&#8221; hover_enabled=&#8221;0&#8243; locked=&#8221;off&#8221; global_colors_info=&#8221;{}&#8221; sticky_enabled=&#8221;0&#8243;][\/et_pb_button][\/et_pb_column][\/et_pb_row][\/et_pb_section][et_pb_section fb_built=&#8221;1&#8243; admin_label=&#8221;Sponsors&#8221; _builder_version=&#8221;4.20.4&#8243; background_color=&#8221;rgba(14,113,98,0.9)&#8221; use_background_color_gradient=&#8221;on&#8221; background_color_gradient_stops=&#8221;rgba(14,113,98,0.9) 0%|#0e7162 100%&#8221; background_color_gradient_overlays_image=&#8221;on&#8221; background_color_gradient_start=&#8221;rgba(14,113,98,0.9)&#8221; background_color_gradient_end=&#8221;#0e7162&#8243; background_enable_image=&#8221;off&#8221; custom_padding=&#8221;6vw||6vw||true|false&#8221; box_shadow_style=&#8221;preset7&#8243; box_shadow_horizontal=&#8221;0px&#8221; box_shadow_vertical=&#8221;-20px&#8221; box_shadow_color=&#8221;rgba(255,255,255,0.12)&#8221; locked=&#8221;off&#8221; collapsed=&#8221;off&#8221; global_colors_info=&#8221;{}&#8221;][et_pb_row column_structure=&#8221;2_3,1_3&#8243; _builder_version=&#8221;4.16&#8243; global_colors_info=&#8221;{}&#8221;][et_pb_column type=&#8221;2_3&#8243; _builder_version=&#8221;4.16&#8243; custom_padding=&#8221;|||&#8221; global_colors_info=&#8221;{}&#8221; custom_padding__hover=&#8221;|||&#8221;][et_pb_text _builder_version=&#8221;4.16&#8243; text_font=&#8221;||||||||&#8221; text_line_height=&#8221;2em&#8221; ul_font=&#8221;||||||||&#8221; ol_font=&#8221;||||||||&#8221; header_font=&#8221;||||||||&#8221; header_2_font=&#8221;Faustina|600|||||||&#8221; header_2_font_size=&#8221;42px&#8221; header_2_line_height=&#8221;1.4em&#8221; header_3_font=&#8221;||||||||&#8221; header_4_font=&#8221;||||||||&#8221; header_5_font=&#8221;||||||||&#8221; header_6_font=&#8221;||||||||&#8221; background_layout=&#8221;dark&#8221; max_width=&#8221;600px&#8221; header_2_font_size_tablet=&#8221;32px&#8221; header_2_font_size_phone=&#8221;22px&#8221; header_2_font_size_last_edited=&#8221;on|desktop&#8221; locked=&#8221;off&#8221; global_colors_info=&#8221;{}&#8221;]<\/p>\n<h2>\u00c1r gComhph\u00e1irt\u00edocht<\/h2>\n<p>[\/et_pb_text][\/et_pb_column][et_pb_column type=&#8221;1_3&#8243; _builder_version=&#8221;4.16&#8243; custom_padding=&#8221;|||&#8221; global_colors_info=&#8221;{}&#8221; custom_padding__hover=&#8221;|||&#8221;][\/et_pb_column][\/et_pb_row][et_pb_row _builder_version=&#8221;4.20.2&#8243; _module_preset=&#8221;default&#8221; global_colors_info=&#8221;{}&#8221;][et_pb_column type=&#8221;4_4&#8243; _builder_version=&#8221;4.20.2&#8243; _module_preset=&#8221;default&#8221; global_colors_info=&#8221;{}&#8221;][et_pb_image src=&#8221;https:\/\/creativeplaceswci.ie\/wp-content\/uploads\/2023\/04\/logos_large-2.png&#8221; title_text=&#8221;logos_large&#8221; align=&#8221;center&#8221; force_fullwidth=&#8221;on&#8221; src_tablet=&#8221;https:\/\/creativeplaceswci.ie\/wp-content\/uploads\/2023\/04\/logos_large-2.png&#8221; src_phone=&#8221;https:\/\/creativeplaceswci.ie\/wp-content\/uploads\/2023\/04\/logos_large-2.png&#8221; src_last_edited=&#8221;on|phone&#8221; _builder_version=&#8221;4.20.4&#8243; _module_preset=&#8221;default&#8221; global_colors_info=&#8221;{}&#8221;][\/et_pb_image][\/et_pb_column][\/et_pb_row][\/et_pb_section]<\/p>\n","protected":false},"excerpt":{"rendered":"<p>Maidir leis an tionscadalIs tionscnamh oile\u00e1n \u00e9 \u00c1iteanna Cruthaitheacha Oile\u00e1in Iarthar Chorca\u00ed at\u00e1 maoinithe ag an gComhairle Eala\u00edon agus ag Comhairle Contae Chorca\u00ed. T\u00e1 s\u00e9 mar aidhm ag an tionscadal infheist\u00edocht lean\u00fanach sna heala\u00edona a th\u00f3g\u00e1il agus deiseanna a chruth\u00fa do chl\u00e1ir \u00e1iti\u00fala eala\u00edon ar na 7 n-oile\u00e1n:\u00a0Oile\u00e1n Chl\u00e9ire, Inis Arc\u00e1in, Inis U\u00ed Drisceoil, An [&hellip;]<\/p>\n","protected":false},"author":2,"featured_media":0,"parent":0,"menu_order":0,"comment_status":"closed","ping_status":"closed","template":"","meta":{"_acf_changed":false,"_et_pb_use_builder":"on","_et_pb_old_content":"","_et_gb_content_width":"","ngg_post_thumbnail":0,"footnotes":""},"class_list":["post-649","page","type-page","status-publish","hentry"],"acf":[],"_links":{"self":[{"href":"https:\/\/creativeplaceswci.ie\/ga\/wp-json\/wp\/v2\/pages\/649","targetHints":{"allow":["GET"]}}],"collection":[{"href":"https:\/\/creativeplaceswci.ie\/ga\/wp-json\/wp\/v2\/pages"}],"about":[{"href":"https:\/\/creativeplaceswci.ie\/ga\/wp-json\/wp\/v2\/types\/page"}],"author":[{"embeddable":true,"href":"https:\/\/creativeplaceswci.ie\/ga\/wp-json\/wp\/v2\/users\/2"}],"replies":[{"embeddable":true,"href":"https:\/\/creativeplaceswci.ie\/ga\/wp-json\/wp\/v2\/comments?post=649"}],"version-history":[{"count":6,"href":"https:\/\/creativeplaceswci.ie\/ga\/wp-json\/wp\/v2\/pages\/649\/revisions"}],"predecessor-version":[{"id":3814,"href":"https:\/\/creativeplaceswci.ie\/ga\/wp-json\/wp\/v2\/pages\/649\/revisions\/3814"}],"wp:attachment":[{"href":"https:\/\/creativeplaceswci.ie\/ga\/wp-json\/wp\/v2\/media?parent=649"}],"curies":[{"name":"wp","href":"https:\/\/api.w.org\/{rel}","templated":true}]}}