{"id":654,"date":"2023-03-28T11:39:07","date_gmt":"2023-03-28T10:39:07","guid":{"rendered":"https:\/\/creativeplaceswci.ie\/dean-iarratas\/"},"modified":"2024-10-07T15:03:01","modified_gmt":"2024-10-07T14:03:01","slug":"dean-iarratas","status":"publish","type":"page","link":"https:\/\/creativeplaceswci.ie\/ga\/dean-iarratas\/","title":{"rendered":"D\u00e9an Iarratas"},"content":{"rendered":"<p>[et_pb_section fb_built=&#8221;1&#8243; admin_label=&#8221;Header&#8221; _builder_version=&#8221;4.20.4&#8243; background_color=&#8221;#f7f9f9&#8243; background_image=&#8221;https:\/\/creativeplaceswci.ie\/wp-content\/uploads\/2023\/03\/charity-09.png&#8221; parallax=&#8221;on&#8221; collapsed=&#8221;off&#8221; global_colors_info=&#8221;{}&#8221;][et_pb_row _builder_version=&#8221;4.16&#8243; min_height=&#8221;379.7px&#8221; custom_padding=&#8221;||6px|||&#8221; global_colors_info=&#8221;{}&#8221;][et_pb_column type=&#8221;4_4&#8243; _builder_version=&#8221;4.16&#8243; custom_padding=&#8221;80px||40px|&#8221; custom_padding_tablet=&#8221;0px||&#8221; custom_padding_phone=&#8221;0px||&#8221; custom_padding_last_edited=&#8221;on|tablet&#8221; global_colors_info=&#8221;{}&#8221; padding_tablet=&#8221;0px||&#8221; padding_last_edited=&#8221;on|tablet&#8221; custom_padding__hover=&#8221;|||&#8221; padding_phone=&#8221;0px||&#8221;][et_pb_text _builder_version=&#8221;4.20.2&#8243; text_font=&#8221;||||||||&#8221; text_line_height=&#8221;2em&#8221; header_font=&#8221;Faustina|600|||||||&#8221; header_text_color=&#8221;#0e7162&#8243; header_font_size=&#8221;60px&#8221; header_line_height=&#8221;1.3em&#8221; text_orientation=&#8221;center&#8221; max_width=&#8221;800px&#8221; module_alignment=&#8221;center&#8221; header_font_size_tablet=&#8221;50px&#8221; header_font_size_phone=&#8221;40px&#8221; header_font_size_last_edited=&#8221;on|phone&#8221; global_colors_info=&#8221;{}&#8221;]<\/p>\n<h1>\u00c1r ngairmeacha oscailte<\/h1>\n<p>[\/et_pb_text][et_pb_text _builder_version=&#8221;4.26.1&#8243; text_font=&#8221;||||||||&#8221; text_line_height=&#8221;2em&#8221; header_font=&#8221;Faustina||||||||&#8221; header_text_color=&#8221;#0e7162&#8243; header_font_size=&#8221;60px&#8221; header_line_height=&#8221;1.3em&#8221; text_orientation=&#8221;center&#8221; max_width=&#8221;800px&#8221; module_alignment=&#8221;center&#8221; global_colors_info=&#8221;{}&#8221;]<\/p>\n<p>Is cl\u00e1r forbartha pobail uaillmhianach tr\u00ed bliana bunaithe ar an gcult\u00far \u00e9 \u00c1iteanna Cruthaitheacha Oile\u00e1in Iarthar Chorca\u00ed, cl\u00e1r at\u00e1 d\u2019oile\u00e1in Iarthar Chorca\u00ed agus at\u00e1 bunaithe orthu. T\u00e1 s\u00e9 mar aidhm ag \u00c1iteanna Cruthaitheacha ceangal a dh\u00e9anamh le daoine, eala\u00edont\u00f3ir\u00ed agus \u00e1iteanna, chun smaointe a chumas\u00fa le forbairt ina ngn\u00edomhartha cruthaitheacha a spreagtar ag pobail na n-oile\u00e1n agus a shaibhr\u00edonn na pobail ch\u00e9anna. Baineann \u00c1iteanna Cruthaitheacha le leas a bhaint as cumhacht na cruthaitheachta, an chult\u00fair agus na n-eala\u00edon chun tac\u00fa le pobail Oile\u00e1in Iarthar Chorca\u00ed agus chun iad a choth\u00fa.<\/p>\n<p>\u00a0T\u00e1imid ag tabhairt cuireadh do dhaoine \u00f3 na hoile\u00e1in agus na ceantair m\u00e1guaird dul i dteagmh\u00e1il linn chun smaointe n\u00f3 r\u00e9ims\u00ed sp\u00e9ise at\u00e1 agat a mholadh a d\u2019fh\u00e9adfadh leas a dh\u00e9anamh do shaol s\u00f3isialta agus cult\u00fartha do cheantair.<\/p>\n<p>[\/et_pb_text][\/et_pb_column][\/et_pb_row][et_pb_row column_structure=&#8221;1_2,1_2&#8243; _builder_version=&#8221;4.26.1&#8243; _module_preset=&#8221;default&#8221; custom_padding=&#8221;33px||33px|||&#8221; locked=&#8221;off&#8221; global_colors_info=&#8221;{}&#8221;][et_pb_column type=&#8221;1_2&#8243; _builder_version=&#8221;4.26.1&#8243; _module_preset=&#8221;default&#8221; background_enable_color=&#8221;off&#8221; use_background_color_gradient=&#8221;on&#8221; background_color_gradient_stops=&#8221;rgba(0,106,193,0.35) 0%|#54c4af 100%&#8221; background_enable_image=&#8221;off&#8221; custom_padding=&#8221;0px||||false|false&#8221; border_radii=&#8221;on|20px|20px|20px|20px&#8221; box_shadow_style=&#8221;preset1&#8243; global_colors_info=&#8221;{}&#8221;][et_pb_heading title=&#8221;Oile\u00e1n agus Timpeallacht&#8221; title_tablet=&#8221;Ocean &#038; Environment&#8221; title_phone=&#8221;Ocean &#038; Environment&#8221; title_last_edited=&#8221;on|phone&#8221; _builder_version=&#8221;4.26.1&#8243; _module_preset=&#8221;dcfff093-0cd5-4755-bb7d-6a5575167cca&#8221; title_font=&#8221;Patron Medium||||||||&#8221; title_text_align=&#8221;left&#8221; title_text_color=&#8221;#FFFFFF&#8221; custom_margin=&#8221;0px|0px|0px|0px|true|true&#8221; custom_padding=&#8221;16px||16px|12px|true|false&#8221; title_font_size_phone=&#8221;30px&#8221; text_shadow_style=&#8221;preset3&#8243; text_shadow_color=&#8221;#FFFFFF&#8221; global_colors_info=&#8221;{}&#8221;][\/et_pb_heading][et_pb_button button_url=&#8221;https:\/\/creativeplaceswci.ie\/ga\/taigean-agus-comhshaol\/&#8221; button_text=&#8221;Eolas&#8221; button_alignment=&#8221;left&#8221; _builder_version=&#8221;4.26.1&#8243; _module_preset=&#8221;default&#8221; background_layout=&#8221;dark&#8221; custom_margin=&#8221;-14px||15px|14px|false|false&#8221; custom_padding=&#8221;0px|12px|0px|13px|false|false&#8221; global_colors_info=&#8221;{}&#8221;][\/et_pb_button][\/et_pb_column][et_pb_column type=&#8221;1_2&#8243; _builder_version=&#8221;4.26.1&#8243; _module_preset=&#8221;default&#8221; background_enable_color=&#8221;off&#8221; use_background_color_gradient=&#8221;on&#8221; background_color_gradient_stops=&#8221;rgba(0,106,193,0.35) 0%|#006321 100%&#8221; background_enable_image=&#8221;off&#8221; custom_padding=&#8221;0px||||false|false&#8221; border_radii=&#8221;on|20px|20px|20px|20px&#8221; box_shadow_style=&#8221;preset1&#8243; global_colors_info=&#8221;{}&#8221;][et_pb_heading title=&#8221;Sc\u00e9ala\u00ed C\u00f3naithe&#8221; title_tablet=&#8221;Storyteller in Residence&#8221; title_phone=&#8221;Storyteller in Residence&#8221; title_last_edited=&#8221;on|phone&#8221; _builder_version=&#8221;4.26.1&#8243; _module_preset=&#8221;dcfff093-0cd5-4755-bb7d-6a5575167cca&#8221; title_font=&#8221;Patron Medium||||||||&#8221; title_text_align=&#8221;left&#8221; title_text_color=&#8221;#FFFFFF&#8221; custom_margin=&#8221;0px|0px|0px|0px|true|true&#8221; custom_padding=&#8221;17px||17px|12px|true|false&#8221; text_shadow_style=&#8221;preset3&#8243; text_shadow_color=&#8221;#FFFFFF&#8221; global_colors_info=&#8221;{}&#8221;][\/et_pb_heading][et_pb_button button_url=&#8221;https:\/\/creativeplaceswci.ie\/ga\/scealai\/&#8221; button_text=&#8221;Ag teacht go luath&#8221; button_alignment=&#8221;left&#8221; _builder_version=&#8221;4.27.2&#8243; _module_preset=&#8221;default&#8221; background_layout=&#8221;dark&#8221; custom_margin=&#8221;-14px||15px|14px|false|false&#8221; custom_padding=&#8221;0px|12px|0px|13px|false|false&#8221; hover_enabled=&#8221;0&#8243; global_colors_info=&#8221;{}&#8221; sticky_enabled=&#8221;0&#8243;][\/et_pb_button][\/et_pb_column][\/et_pb_row][et_pb_row _builder_version=&#8221;4.26.1&#8243; _module_preset=&#8221;default&#8221; global_colors_info=&#8221;{}&#8221;][et_pb_column type=&#8221;4_4&#8243; _builder_version=&#8221;4.26.1&#8243; _module_preset=&#8221;default&#8221; global_colors_info=&#8221;{}&#8221;][\/et_pb_column][\/et_pb_row][et_pb_row column_structure=&#8221;1_2,1_2&#8243; use_custom_gutter=&#8221;on&#8221; gutter_width=&#8221;2&#8243; _builder_version=&#8221;4.20.2&#8243; custom_margin=&#8221;-50px||||false|false&#8221; global_colors_info=&#8221;{}&#8221;][et_pb_column type=&#8221;1_2&#8243; _builder_version=&#8221;4.16&#8243; custom_padding=&#8221;|||&#8221; global_colors_info=&#8221;{}&#8221; custom_padding__hover=&#8221;|||&#8221;][et_pb_image src=&#8221;https:\/\/creativeplaceswci.ie\/wp-content\/uploads\/2024\/01\/ARTISTMAKERirish.png&#8221; title_text=&#8221;ARTIST:MAKERirish&#8221; align=&#8221;center&#8221; force_fullwidth=&#8221;on&#8221; src_tablet=&#8221;https:\/\/creativeplaceswci.ie\/wp-content\/uploads\/2023\/04\/islanderartist02.png&#8221; src_phone=&#8221;https:\/\/creativeplaceswci.ie\/wp-content\/uploads\/2023\/04\/islanderartist02.png&#8221; src_last_edited=&#8221;on|phone&#8221; _builder_version=&#8221;4.21.0&#8243; _module_preset=&#8221;default&#8221; background_color=&#8221;RGBA(255,255,255,0)&#8221; min_height=&#8221;0px&#8221; custom_margin=&#8221;0px||||false|false&#8221; custom_padding=&#8221;0px|0px|15px||false|false&#8221; border_color_all=&#8221;RGBA(255,255,255,0)&#8221; global_colors_info=&#8221;{}&#8221;][\/et_pb_image][et_pb_text _builder_version=&#8221;4.26.1&#8243; text_font=&#8221;||||||||&#8221; text_line_height=&#8221;2em&#8221; header_font=&#8221;||||||||&#8221; header_3_font=&#8221;Faustina|600|||||||&#8221; header_3_text_color=&#8221;#0e7162&#8243; header_3_line_height=&#8221;1.2em&#8221; background_color=&#8221;#ffffff&#8221; max_width=&#8221;600px&#8221; module_alignment=&#8221;center&#8221; custom_margin=&#8221;-30px||||false|false&#8221; custom_padding=&#8221;30px|30px|30px|30px|true|true&#8221; animation_style=&#8221;slide&#8221; animation_direction=&#8221;bottom&#8221; animation_intensity_slide=&#8221;2%&#8221; header_3_font_size_tablet=&#8221;22px&#8221; header_3_font_size_phone=&#8221;22px&#8221; header_3_font_size_last_edited=&#8221;off|desktop&#8221; border_radii=&#8221;on|3px|3px|3px|3px&#8221; border_width_top=&#8221;5px&#8221; border_color_top=&#8221;#EDF000&#8243; box_shadow_style=&#8221;preset3&#8243; box_shadow_vertical=&#8221;40px&#8221; box_shadow_blur=&#8221;100px&#8221; box_shadow_spread=&#8221;-30px&#8221; box_shadow_color=&#8221;rgba(0,0,0,0.22)&#8221; locked=&#8221;off&#8221; global_colors_info=&#8221;{}&#8221; header_2_font_size__hover=&#8221;26px&#8221; header_2_font_size__hover_enabled=&#8221;26px&#8221; header_2_letter_spacing__hover=&#8221;0px&#8221; header_2_letter_spacing__hover_enabled=&#8221;0px&#8221; header_2_line_height__hover=&#8221;1em&#8221; header_2_line_height__hover_enabled=&#8221;1em&#8221; header_2_text_shadow_style__hover=&#8221;none&#8221; header_2_text_shadow_style__hover_enabled=&#8221;none&#8221; header_2_text_shadow_color__hover=&#8221;rgba(0,0,0,0.4)&#8221; header_2_text_shadow_color__hover_enabled=&#8221;rgba(0,0,0,0.4)&#8221;]<\/p>\n<p>T\u00e1 an sc\u00e9im Eala\u00edont\u00f3ir\/Cruthaitheoir Oile\u00e1nach ar f\u00e1il d\u2019eala\u00edont\u00f3ir, daoine cruthaitheacha, gr\u00fapa\u00ed pobail agus daoine aonair a bhfuil c\u00f3na\u00ed orthu ar Oile\u00e1n Chl\u00e9ire, Inis Arc\u00e1in, Inis U\u00ed Drisceoil, An tOile\u00e1n Fada, Faoide, An tOile\u00e1n M\u00f3r n\u00f3 Oile\u00e1n Baoi.\u00a0<\/p>\n<p>[\/et_pb_text][\/et_pb_column][et_pb_column type=&#8221;1_2&#8243; _builder_version=&#8221;4.16&#8243; custom_padding=&#8221;|||&#8221; global_colors_info=&#8221;{}&#8221; custom_padding__hover=&#8221;|||&#8221;][et_pb_image src=&#8221;https:\/\/creativeplaceswci.ie\/wp-content\/uploads\/2024\/01\/EOIirish.png&#8221; title_text=&#8221;EOIirish&#8221; align=&#8221;center&#8221; force_fullwidth=&#8221;on&#8221; _builder_version=&#8221;4.21.0&#8243; _module_preset=&#8221;default&#8221; background_color=&#8221;RGBA(255,255,255,0)&#8221; min_height=&#8221;0px&#8221; min_height_tablet=&#8221;0px&#8221; min_height_phone=&#8221;0px&#8221; min_height_last_edited=&#8221;on|phone&#8221; custom_margin=&#8221;0px||||false|false&#8221; custom_padding=&#8221;0px|0px|15px||false|false&#8221; border_color_all=&#8221;RGBA(255,255,255,0)&#8221; locked=&#8221;off&#8221; global_colors_info=&#8221;{}&#8221;][\/et_pb_image][et_pb_text _builder_version=&#8221;4.26.1&#8243; text_font=&#8221;||||||||&#8221; text_line_height=&#8221;2em&#8221; header_font=&#8221;||||||||&#8221; header_3_font=&#8221;Faustina|600|||||||&#8221; header_3_text_color=&#8221;#0e7162&#8243; header_3_line_height=&#8221;1.2em&#8221; background_color=&#8221;#ffffff&#8221; max_width=&#8221;600px&#8221; module_alignment=&#8221;center&#8221; custom_margin=&#8221;-30px||||false|false&#8221; custom_padding=&#8221;30px|30px|30px|30px|true|true&#8221; animation_style=&#8221;slide&#8221; animation_direction=&#8221;bottom&#8221; animation_intensity_slide=&#8221;2%&#8221; border_radii=&#8221;on|3px|3px|3px|3px&#8221; border_width_top=&#8221;5px&#8221; border_color_top=&#8221;#7CDA24&#8243; box_shadow_style=&#8221;preset3&#8243; box_shadow_vertical=&#8221;40px&#8221; box_shadow_blur=&#8221;100px&#8221; box_shadow_spread=&#8221;-30px&#8221; box_shadow_color=&#8221;rgba(0,0,0,0.22)&#8221; locked=&#8221;off&#8221; global_colors_info=&#8221;{}&#8221; header_2_font_size__hover=&#8221;26px&#8221; header_2_font_size__hover_enabled=&#8221;26px&#8221; header_2_letter_spacing__hover=&#8221;0px&#8221; header_2_letter_spacing__hover_enabled=&#8221;0px&#8221; header_2_line_height__hover=&#8221;1em&#8221; header_2_line_height__hover_enabled=&#8221;1em&#8221; header_2_text_shadow_style__hover=&#8221;none&#8221; header_2_text_shadow_style__hover_enabled=&#8221;none&#8221; header_2_text_shadow_color__hover=&#8221;rgba(0,0,0,0.4)&#8221; header_2_text_shadow_color__hover_enabled=&#8221;rgba(0,0,0,0.4)&#8221;]<\/p>\n<p>T\u00e1 an L\u00e9iri\u00fa Sp\u00e9ise ann d\u2019eala\u00edont\u00f3ir\u00ed, daoine cruthaitheacha, gr\u00fapa\u00ed pobail agus daoine aonair a bhfuil c\u00f3na\u00ed orthu ar na hoile\u00e1in seo agus sna ceantair m\u00e1guaird sp\u00e9is sa tionscadal a l\u00e9iri\u00fa agus a dtionscadail chruthaitheacha f\u00e9in a mholadh.\u00a0<\/p>\n<p>[\/et_pb_text][\/et_pb_column][\/et_pb_row][\/et_pb_section][et_pb_section fb_built=&#8221;1&#8243; admin_label=&#8221;Sponsors&#8221; _builder_version=&#8221;4.20.4&#8243; background_color=&#8221;rgba(14,113,98,0.9)&#8221; use_background_color_gradient=&#8221;on&#8221; background_color_gradient_stops=&#8221;rgba(14,113,98,0.9) 0%|#0e7162 100%&#8221; background_color_gradient_overlays_image=&#8221;on&#8221; background_color_gradient_start=&#8221;rgba(14,113,98,0.9)&#8221; background_color_gradient_end=&#8221;#0e7162&#8243; background_enable_image=&#8221;off&#8221; custom_padding=&#8221;6vw||6vw||true|false&#8221; box_shadow_style=&#8221;preset7&#8243; box_shadow_horizontal=&#8221;0px&#8221; box_shadow_vertical=&#8221;-20px&#8221; box_shadow_color=&#8221;rgba(255,255,255,0.12)&#8221; locked=&#8221;off&#8221; collapsed=&#8221;off&#8221; global_colors_info=&#8221;{}&#8221;][et_pb_row column_structure=&#8221;2_3,1_3&#8243; _builder_version=&#8221;4.16&#8243; global_colors_info=&#8221;{}&#8221;][et_pb_column type=&#8221;2_3&#8243; _builder_version=&#8221;4.16&#8243; custom_padding=&#8221;|||&#8221; global_colors_info=&#8221;{}&#8221; custom_padding__hover=&#8221;|||&#8221;][et_pb_text _builder_version=&#8221;4.16&#8243; text_font=&#8221;||||||||&#8221; text_line_height=&#8221;2em&#8221; ul_font=&#8221;||||||||&#8221; ol_font=&#8221;||||||||&#8221; header_font=&#8221;||||||||&#8221; header_2_font=&#8221;Faustina|600|||||||&#8221; header_2_font_size=&#8221;42px&#8221; header_2_line_height=&#8221;1.4em&#8221; header_3_font=&#8221;||||||||&#8221; header_4_font=&#8221;||||||||&#8221; header_5_font=&#8221;||||||||&#8221; header_6_font=&#8221;||||||||&#8221; background_layout=&#8221;dark&#8221; max_width=&#8221;600px&#8221; header_2_font_size_tablet=&#8221;32px&#8221; header_2_font_size_phone=&#8221;22px&#8221; header_2_font_size_last_edited=&#8221;on|desktop&#8221; locked=&#8221;off&#8221; global_colors_info=&#8221;{}&#8221;]<\/p>\n<h2>\u00c1r gComhph\u00e1irt\u00edocht<\/h2>\n<p>[\/et_pb_text][\/et_pb_column][et_pb_column type=&#8221;1_3&#8243; _builder_version=&#8221;4.16&#8243; custom_padding=&#8221;|||&#8221; global_colors_info=&#8221;{}&#8221; custom_padding__hover=&#8221;|||&#8221;][\/et_pb_column][\/et_pb_row][et_pb_row _builder_version=&#8221;4.20.2&#8243; _module_preset=&#8221;default&#8221; global_colors_info=&#8221;{}&#8221;][et_pb_column type=&#8221;4_4&#8243; _builder_version=&#8221;4.20.2&#8243; _module_preset=&#8221;default&#8221; global_colors_info=&#8221;{}&#8221;][et_pb_image src=&#8221;https:\/\/creativeplaceswci.ie\/wp-content\/uploads\/2023\/04\/logos_large-2.png&#8221; title_text=&#8221;logos_large&#8221; align=&#8221;center&#8221; force_fullwidth=&#8221;on&#8221; src_tablet=&#8221;https:\/\/creativeplaceswci.ie\/wp-content\/uploads\/2023\/04\/logos_large-2.png&#8221; src_phone=&#8221;https:\/\/creativeplaceswci.ie\/wp-content\/uploads\/2023\/04\/logos_large-2.png&#8221; src_last_edited=&#8221;on|phone&#8221; _builder_version=&#8221;4.20.4&#8243; _module_preset=&#8221;default&#8221; global_colors_info=&#8221;{}&#8221;][\/et_pb_image][\/et_pb_column][\/et_pb_row][\/et_pb_section]<\/p>\n","protected":false},"excerpt":{"rendered":"<p>\u00c1r ngairmeacha oscailteIs cl\u00e1r forbartha pobail uaillmhianach tr\u00ed bliana bunaithe ar an gcult\u00far \u00e9 \u00c1iteanna Cruthaitheacha Oile\u00e1in Iarthar Chorca\u00ed, cl\u00e1r at\u00e1 d\u2019oile\u00e1in Iarthar Chorca\u00ed agus at\u00e1 bunaithe orthu. T\u00e1 s\u00e9 mar aidhm ag \u00c1iteanna Cruthaitheacha ceangal a dh\u00e9anamh le daoine, eala\u00edont\u00f3ir\u00ed agus \u00e1iteanna, chun smaointe a chumas\u00fa le forbairt ina ngn\u00edomhartha cruthaitheacha a spreagtar ag [&hellip;]<\/p>\n","protected":false},"author":1,"featured_media":0,"parent":0,"menu_order":0,"comment_status":"closed","ping_status":"closed","template":"","meta":{"_acf_changed":false,"_et_pb_use_builder":"on","_et_pb_old_content":"","_et_gb_content_width":"","ngg_post_thumbnail":0,"footnotes":""},"class_list":["post-654","page","type-page","status-publish","hentry"],"acf":[],"_links":{"self":[{"href":"https:\/\/creativeplaceswci.ie\/ga\/wp-json\/wp\/v2\/pages\/654","targetHints":{"allow":["GET"]}}],"collection":[{"href":"https:\/\/creativeplaceswci.ie\/ga\/wp-json\/wp\/v2\/pages"}],"about":[{"href":"https:\/\/creativeplaceswci.ie\/ga\/wp-json\/wp\/v2\/types\/page"}],"author":[{"embeddable":true,"href":"https:\/\/creativeplaceswci.ie\/ga\/wp-json\/wp\/v2\/users\/1"}],"replies":[{"embeddable":true,"href":"https:\/\/creativeplaceswci.ie\/ga\/wp-json\/wp\/v2\/comments?post=654"}],"version-history":[{"count":13,"href":"https:\/\/creativeplaceswci.ie\/ga\/wp-json\/wp\/v2\/pages\/654\/revisions"}],"predecessor-version":[{"id":2986,"href":"https:\/\/creativeplaceswci.ie\/ga\/wp-json\/wp\/v2\/pages\/654\/revisions\/2986"}],"wp:attachment":[{"href":"https:\/\/creativeplaceswci.ie\/ga\/wp-json\/wp\/v2\/media?parent=654"}],"curies":[{"name":"wp","href":"https:\/\/api.w.org\/{rel}","templated":true}]}}